{"id":140,"date":"2026-01-04T09:50:47","date_gmt":"2026-01-04T09:50:47","guid":{"rendered":"http:\/\/www.medlarehansen.se\/?page_id=140"},"modified":"2026-01-04T09:51:02","modified_gmt":"2026-01-04T09:51:02","slug":"kostnader","status":"publish","type":"page","link":"https:\/\/www.medlarehansen.se\/?page_id=140","title":{"rendered":"Kostnader"},"content":{"rendered":"\n<p>Det kostar alltid n\u00e5got. Jag har en kreativ prispolitik. F\u00f6r privatpersoner g\u00e4ller en s\u00e4rskild policy och f\u00f6r f\u00f6retag och juridiska personer en traditionell priss\u00e4ttning. F\u00f6r medlingstj\u00e4nster g\u00e4ller r\u00e4ttshj\u00e4lpstaxen.<\/p>\n\n\n\n<p>Inget uppdrag p\u00e5b\u00f6rjas f\u00f6rr\u00e4n vi tillsammans kommit \u00f6verens om uppdragets kravbeskrivning och omfattning att du godk\u00e4nt det hela \u00e4ven godk\u00e4nt min uppskattning av totalpris och tids\u00e5tg\u00e5ng. Moms debiteras med 25 procent. Betalningsvillkor \u00e4r 15 dagar.<\/p>\n\n\n\n<p><strong>Prismodell privatpersoner<\/strong><\/p>\n\n\n\n<p>\u00c4ven om du \u00e4r privatperson betalar du moms p\u00e5 det fakturerade beloppet. Du betalar halva kostnaden av r\u00e4ttshj\u00e4lpstaxen om 1&nbsp;625 kronor den andra halvan skall g\u00e5 till ett ideellt \u00e4ndam\u00e5l som du sj\u00e4lv v\u00e4ljer. Du betalar 813 kronor per timme f\u00f6r varje&nbsp; p\u00e5b\u00f6rjad timme till mig.<\/p>\n\n\n\n<p><strong>Prismodell medlingstj\u00e4nster f\u00f6retag och juridiska personer<\/strong><\/p>\n\n\n\n<p>F\u00f6r medlingstj\u00e4nster till\u00e4mpar r\u00e4ttshj\u00e4lpstaxen om 1 625 kronor (2026) per p\u00e5b\u00f6rjad timme exklusiv moms. Vid medling delar parterna lika p\u00e5 kostnaden varvid var och en faktureras sin andel av kostnaderna. Vid f\u00f6rhandlingstj\u00e4nster debiteras parten hela timarvodet.<\/p>\n\n\n\n<p><strong>Tillkommande kostnader och kostnader f\u00f6r tidsspillan<\/strong><\/p>\n\n\n\n<p>F\u00f6r samtliga tj\u00e4nster g\u00e4ller att eventuella tillkommande kostnader kan debiteras s\u00e5som resekostnader, traktamenten och m\u00f6jliga kostnader. Dessa eventuella kostnader ber\u00e4knas och g\u00f6rs upp om innan ett uppdrag p\u00e5b\u00f6rjas. F\u00f6r tidsspillan det vill s\u00e4ga arbeta utan f\u00f6r debiterbar arbetstid som under medling enligt <strong><em>Tidsspillan 2026: 1\u202f487 kr\/timme<\/em>. <\/strong>Ers\u00e4ttningen f\u00f6r tidsspillan n\u00e4r den sker under <strong>normal arbetstid<\/strong>.Exempel p\u00e5 tidsspillan kan vara restid underkontorstid som inte \u00e4r arbetat tid. <strong><em>Tidsspillan (annan tid)<\/em><\/strong> \u00e4r en <strong>l\u00e4gre taxa<\/strong> som anv\u00e4nds n\u00e4r tidsspillan sker <strong>utanf\u00f6r normal arbetstid<\/strong>, till exempel . kv\u00e4llar, n\u00e4tter eller helger som inte \u00e4r direkt arbetstid.<\/p>\n","protected":false},"excerpt":{"rendered":"<p>Det kostar alltid n\u00e5got. Jag har en kreativ prispolitik. F\u00f6r privatpersoner g\u00e4ller en s\u00e4rskild policy och f\u00f6r f\u00f6retag och juridiska<\/p>\n","protected":false},"author":1,"featured_media":0,"parent":0,"menu_order":37,"comment_status":"closed","ping_status":"closed","template":"","meta":{"colormag_page_container_layout":"default_layout","colormag_page_sidebar_layout":"default_layout","footnotes":""},"class_list":["post-140","page","type-page","status-publish","hentry"],"_links":{"self":[{"href":"https:\/\/www.medlarehansen.se\/index.php?rest_route=\/wp\/v2\/pages\/140","targetHints":{"allow":["GET"]}}],"collection":[{"href":"https:\/\/www.medlarehansen.se\/index.php?rest_route=\/wp\/v2\/pages"}],"about":[{"href":"https:\/\/www.medlarehansen.se\/index.php?rest_route=\/wp\/v2\/types\/page"}],"author":[{"embeddable":true,"href":"https:\/\/www.medlarehansen.se\/index.php?rest_route=\/wp\/v2\/users\/1"}],"replies":[{"embeddable":true,"href":"https:\/\/www.medlarehansen.se\/index.php?rest_route=%2Fwp%2Fv2%2Fcomments&post=140"}],"version-history":[{"count":1,"href":"https:\/\/www.medlarehansen.se\/index.php?rest_route=\/wp\/v2\/pages\/140\/revisions"}],"predecessor-version":[{"id":141,"href":"https:\/\/www.medlarehansen.se\/index.php?rest_route=\/wp\/v2\/pages\/140\/revisions\/141"}],"wp:attachment":[{"href":"https:\/\/www.medlarehansen.se\/index.php?rest_route=%2Fwp%2Fv2%2Fmedia&parent=140"}],"curies":[{"name":"wp","href":"https:\/\/api.w.org\/{rel}","templated":true}]}}