{"id":47,"date":"2025-12-31T20:02:16","date_gmt":"2025-12-31T20:02:16","guid":{"rendered":"http:\/\/www.medlarehansen.se\/?page_id=47"},"modified":"2026-03-04T09:14:56","modified_gmt":"2026-03-04T09:14:56","slug":"extra-sida","status":"publish","type":"page","link":"https:\/\/www.medlarehansen.se\/","title":{"rendered":"B\u00f6rja h\u00e4r"},"content":{"rendered":"\n<figure class=\"wp-block-image alignleft size-full is-resized\"><img loading=\"lazy\" decoding=\"async\" width=\"600\" height=\"545\" src=\"http:\/\/www.medlarehansen.se\/wp-content\/uploads\/2025\/12\/Villy-nybild-600-2.jpg\" alt=\"\" class=\"wp-image-71\" style=\"aspect-ratio:1.1010030324236062;width:252px;height:auto\" srcset=\"https:\/\/www.medlarehansen.se\/wp-content\/uploads\/2025\/12\/Villy-nybild-600-2.jpg 600w, https:\/\/www.medlarehansen.se\/wp-content\/uploads\/2025\/12\/Villy-nybild-600-2-300x273.jpg 300w\" sizes=\"auto, (max-width: 600px) 100vw, 600px\" \/><figcaption class=\"wp-element-caption\">Samtida bild av mig<\/figcaption><\/figure>\n\n\n\n<h2 class=\"wp-block-heading\">V\u00e4lkommen!<\/h2>\n\n\n\n<p>Du har kommit till min webbplats <strong>medlarehansen.se <\/strong>d\u00e4r jag erbjuder olika medlingstj\u00e4nster och f\u00f6rhandlingstj\u00e4nster.<\/p>\n\n\n\n<p>Om man inte utan anstr\u00e4ngningar kan komma \u00f6verens r\u00e5der en konflikt. Konflikter kan l\u00f6sas genom medling i st\u00e4llet f\u00f6r via domstol. Det \u00e4r speciellt viktigt och f\u00f6rdelaktigt om man vill beh\u00e5lla goda relationer. <\/p>\n\n\n\n<p>En f\u00f6rhandling som g\u00e5r illa kan resultera i en konflikt. Konflikter kan \u00e4ven uppst\u00e5 ur en tolkningstvist, p\u00e5 grund av ett oacceptabelt beteende fr\u00e5n en part, att parternas intressen \u00e4r of\u00f6renliga eller g\u00e5r helt is\u00e4r eller att parterna har skilda v\u00e4rderingar. Dessutom kan en konflikt inneh\u00e5lla kombinationer av dessa olika orsaker. En s\u00e5dan komplicerad konflikt beskriver jag kortfattat i artikeln <em><a href=\"https:\/\/www.medlarehansen.se\/?p=66\" target=\"_blank\" rel=\"noreferrer noopener\">G\u00e5r det att medla mellan samebyarna och Rally Sweden?<\/a> <\/em>Det \u00e4r d\u00e5 medling kan bidra till att l\u00f6sa konflikten.<\/p>\n\n\n\n<p>Jag startade min medlarkarri\u00e4r f\u00f6r \u00f6ver tjugo \u00e5r sedan och utvecklade efter hand min kompetens med en akademisk utbildning i b\u00e5de medling och f\u00f6rhandling. F\u00f6rhandlingskarri\u00e4ren b\u00f6rjade \u00e4nnu tidigare som f\u00f6rs\u00e4ljare och f\u00f6rs\u00e4ljningschef.&nbsp; Jag har medlat och \u00e4ven f\u00f6rhandlat i allt fr\u00e5n konflikter mellan gruvbolag och hus\u00e4gare, konflikter mellan privatpersoner, bodelningstvister och v\u00e5rdnadstvister med flera. Jag erbjuder f\u00f6rhandlingsst\u00f6d inf\u00f6r och under f\u00f6rhandlingar.<\/p>\n\n\n\n<p>N\u00e4r du v\u00e4nder dig till mig bildar jag mig f\u00f6rst en uppfattning om konfliktens karakt\u00e4r och tr\u00e4ffar de tvistande parterna. D\u00e5 kan jag utr\u00f6na om konflikten i realiteten \u00e4r medlingsbar.<\/p>\n\n\n\n<p>Medling innenb\u00e4r att en oberoende och neutral medlare hj\u00e4lper de tvistande parterna fram till en gemensamt godtagbar \u00f6verenskommelse. All medling skall vara frivillig och endera parten kan d\u00e4rf\u00f6r avsluta medlingen n\u00e4r helst denne vill.<\/p>\n\n\n\n<p><strong>De senase atiklarna<\/strong><\/p>\n\n\n<ul class=\"wp-block-latest-posts__list wp-block-latest-posts\"><li><a class=\"wp-block-latest-posts__post-title\" href=\"https:\/\/www.medlarehansen.se\/?p=74\">Bl\u00e5sningen av renbetesrallyt<\/a><\/li>\n<li><a class=\"wp-block-latest-posts__post-title\" href=\"https:\/\/www.medlarehansen.se\/?p=66\">G\u00e5r det att medla mellan samebyarna och Rally Sweden?<\/a><\/li>\n<\/ul>\n\n\n<p><strong>Kategorier<\/strong><\/p>\n\n\n<ul class=\"wp-block-categories-list wp-block-categories\">\t<li class=\"cat-item cat-item-8\"><a href=\"https:\/\/www.medlarehansen.se\/?cat=8\">Debattartiklar<\/a>\n<\/li>\n\t<li class=\"cat-item cat-item-5\"><a href=\"https:\/\/www.medlarehansen.se\/?cat=5\">Medling<\/a>\n<\/li>\n<\/ul>\n\n\n<p>Arkiv<\/p>\n\n\n<ul class=\"wp-block-archives-list wp-block-archives\">\t<li><a href='https:\/\/www.medlarehansen.se\/?m=202601'>januari 2026<\/a><\/li>\n\t<li><a href='https:\/\/www.medlarehansen.se\/?m=202512'>december 2025<\/a><\/li>\n<\/ul>","protected":false},"excerpt":{"rendered":"<p>V\u00e4lkommen! Du har kommit till min webbplats medlarehansen.se d\u00e4r jag erbjuder olika medlingstj\u00e4nster och f\u00f6rhandlingstj\u00e4nster. Om man inte utan anstr\u00e4ngningar<\/p>\n","protected":false},"author":1,"featured_media":0,"parent":0,"menu_order":0,"comment_status":"closed","ping_status":"closed","template":"","meta":{"colormag_page_container_layout":"default_layout","colormag_page_sidebar_layout":"default_layout","footnotes":""},"class_list":["post-47","page","type-page","status-publish","hentry"],"_links":{"self":[{"href":"https:\/\/www.medlarehansen.se\/index.php?rest_route=\/wp\/v2\/pages\/47","targetHints":{"allow":["GET"]}}],"collection":[{"href":"https:\/\/www.medlarehansen.se\/index.php?rest_route=\/wp\/v2\/pages"}],"about":[{"href":"https:\/\/www.medlarehansen.se\/index.php?rest_route=\/wp\/v2\/types\/page"}],"author":[{"embeddable":true,"href":"https:\/\/www.medlarehansen.se\/index.php?rest_route=\/wp\/v2\/users\/1"}],"replies":[{"embeddable":true,"href":"https:\/\/www.medlarehansen.se\/index.php?rest_route=%2Fwp%2Fv2%2Fcomments&post=47"}],"version-history":[{"count":26,"href":"https:\/\/www.medlarehansen.se\/index.php?rest_route=\/wp\/v2\/pages\/47\/revisions"}],"predecessor-version":[{"id":151,"href":"https:\/\/www.medlarehansen.se\/index.php?rest_route=\/wp\/v2\/pages\/47\/revisions\/151"}],"wp:attachment":[{"href":"https:\/\/www.medlarehansen.se\/index.php?rest_route=%2Fwp%2Fv2%2Fmedia&parent=47"}],"curies":[{"name":"wp","href":"https:\/\/api.w.org\/{rel}","templated":true}]}}